{"id":747,"date":"2025-04-16T10:26:09","date_gmt":"2025-04-16T10:26:09","guid":{"rendered":"https:\/\/merusports.com\/accesibilidad\/"},"modified":"2025-07-10T09:51:22","modified_gmt":"2025-07-10T09:51:22","slug":"accesibilidad","status":"publish","type":"page","link":"https:\/\/merusports.com\/es\/accesibilidad\/","title":{"rendered":"Accesibilidad"},"content":{"rendered":"\t\t<div data-elementor-type=\"wp-page\" data-elementor-id=\"747\" class=\"elementor elementor-747 elementor-272\" data-elementor-post-type=\"page\">\n\t\t\t\t<div class=\"elementor-element elementor-element-37ef930 e-flex e-con-boxed e-con e-parent\" data-id=\"37ef930\" data-element_type=\"container\" data-e-type=\"container\" data-settings=\"{&quot;background_background&quot;:&quot;video&quot;,&quot;background_video_link&quot;:&quot;https:\\\/\\\/merusports.com\\\/wp-content\\\/uploads\\\/2025\\\/04\\\/Video-sin-titulo-\\u2010-Hecho-con-Clipchamp-1.mp4&quot;,&quot;position&quot;:&quot;fixed&quot;,&quot;background_play_on_mobile&quot;:&quot;yes&quot;}\">\n\t\t\t\t\t<div class=\"e-con-inner\">\n\t\t<div class=\"elementor-background-video-container\">\n\t\t\t\t\t\t\t<video class=\"elementor-background-video-hosted\" role=\"presentation\" autoplay muted playsinline loop><\/video>\n\t\t\t\t\t<\/div>\t\t\t<\/div>\n\t\t\t\t<\/div>\n\t\t<div class=\"elementor-element elementor-element-0a5aab7 e-flex e-con-boxed e-con e-parent\" data-id=\"0a5aab7\" data-element_type=\"container\" data-e-type=\"container\" data-settings=\"{&quot;background_background&quot;:&quot;video&quot;}\">\n\t\t\t\t\t<div class=\"e-con-inner\">\n\t\t<div class=\"elementor-element elementor-element-4490da0 glass e-con-full e-flex e-con e-child\" data-id=\"4490da0\" data-element_type=\"container\" data-e-type=\"container\">\n\t\t\t\t<div class=\"elementor-element elementor-element-b0d64df elementor-widget elementor-widget-heading\" data-id=\"b0d64df\" data-element_type=\"widget\" data-e-type=\"widget\" data-settings=\"{&quot;_animation&quot;:&quot;none&quot;}\" data-widget_type=\"heading.default\">\n\t\t\t\t<div class=\"elementor-widget-container\">\n\t\t\t\t\t<h2 class=\"elementor-heading-title elementor-size-default\">ACCESIBILIDAD<\/h2>\t\t\t\t<\/div>\n\t\t\t\t<\/div>\n\t\t\t\t<div class=\"elementor-element elementor-element-8ce81c4 enlaces elementor-widget elementor-widget-text-editor\" data-id=\"8ce81c4\" data-element_type=\"widget\" data-e-type=\"widget\" data-widget_type=\"text-editor.default\">\n\t\t\t\t<div class=\"elementor-widget-container\">\n\t\t\t\t\t\t\t\t\t<p>MATIAS RUBIO se compromete a hacer accesible su sitio web de conformidad con el <a class=\"ext\" href=\"https:\/\/www.boe.es\/diario_boe\/txt.php?id=BOE-A-2018-12699\" target=\"_blank\" rel=\"noopener noreferrer\" data-extlink=\"\" data-insuit-uuid=\"06b55ca3-c663-49c7-a5e8-7deb8b8fc015\">Real Decreto 1112\/2018, de 7 de septiembre, sobre accesibilidad de los sitios web y aplicaciones para dispositivos m\u00f3viles del sector p\u00fablico.<\/a><\/p><p>Esta declaraci\u00f3n de accesibilidad se aplica al sitio web <a href=\"https:\/\/merusports.com\/es\/\">merusports.com<\/a>.<\/p>\t\t\t\t\t\t\t\t<\/div>\n\t\t\t\t<\/div>\n\t\t\t\t<div class=\"elementor-element elementor-element-37a3f54 elementor-widget elementor-widget-heading\" data-id=\"37a3f54\" data-element_type=\"widget\" data-e-type=\"widget\" data-widget_type=\"heading.default\">\n\t\t\t\t<div class=\"elementor-widget-container\">\n\t\t\t\t\t<h2 class=\"elementor-heading-title elementor-size-default\">Estado de cumplimiento<\/h2>\t\t\t\t<\/div>\n\t\t\t\t<\/div>\n\t\t\t\t<div class=\"elementor-element elementor-element-22ad853 enlaces elementor-widget elementor-widget-text-editor\" data-id=\"22ad853\" data-element_type=\"widget\" data-e-type=\"widget\" data-widget_type=\"text-editor.default\">\n\t\t\t\t<div class=\"elementor-widget-container\">\n\t\t\t\t\t\t\t\t\t<p>Este sitio web cumple parcialmente el <a class=\"ext\" href=\"https:\/\/www.boe.es\/diario_boe\/txt.php?id=BOE-A-2018-12699\" target=\"_blank\" rel=\"noopener noreferrer\" data-extlink=\"\" data-insuit-uuid=\"ca8ecb6f-6f37-4b01-8854-bb095d57c27a\">RD 1112\/2018<\/a> debido a las excepciones e incumplimientos de los aspectos indicados en el punto siguiente.<\/p>\t\t\t\t\t\t\t\t<\/div>\n\t\t\t\t<\/div>\n\t\t\t\t<div class=\"elementor-element elementor-element-e8c2aff elementor-widget elementor-widget-heading\" data-id=\"e8c2aff\" data-element_type=\"widget\" data-e-type=\"widget\" data-widget_type=\"heading.default\">\n\t\t\t\t<div class=\"elementor-widget-container\">\n\t\t\t\t\t<h2 class=\"elementor-heading-title elementor-size-default\">Contenido no accesible<\/h2>\t\t\t\t<\/div>\n\t\t\t\t<\/div>\n\t\t\t\t<div class=\"elementor-element elementor-element-20c18fd enlaces elementor-widget elementor-widget-text-editor\" data-id=\"20c18fd\" data-element_type=\"widget\" data-e-type=\"widget\" data-widget_type=\"text-editor.default\">\n\t\t\t\t<div class=\"elementor-widget-container\">\n\t\t\t\t\t\t\t\t\t<p>El contenido que aparece a continuaci\u00f3n no es accesible por las siguientes razones:<\/p><p>Incumplimiento del RD 1112\/2018:<\/p><p>Podr\u00eda haber documentos de oficina en PDF y otros formatos publicados despu\u00e9s del 20 de septiembre de 2018 que no cumplan plenamente los requisitos de accesibilidad. Se pueden solicitar documentos plenamente accesibles desde el formulario de contacto para formalizar quejas y consultas. <\/p><p>Puede haber errores ocasionales de c\u00f3digo de edici\u00f3n en algunas p\u00e1ginas web. [4.1.1 Procesamiento] <\/p><p>Carga desproporcionada:<\/p><p>No procede.<\/p><p>El contenido no entra en el \u00e1mbito de la legislaci\u00f3n aplicable:<\/p><p>Puede haber archivos ofim\u00e1ticos en PDF u otros formatos publicados antes del 20 de septiembre de 2018 que no cumplan plenamente todos los requisitos de accesibilidad. Sin embargo, se han hecho esfuerzos para garantizar que la mayor\u00eda de ellos lo hagan. <\/p>\t\t\t\t\t\t\t\t<\/div>\n\t\t\t\t<\/div>\n\t\t\t\t<div class=\"elementor-element elementor-element-4155a91 elementor-widget elementor-widget-heading\" data-id=\"4155a91\" data-element_type=\"widget\" data-e-type=\"widget\" data-widget_type=\"heading.default\">\n\t\t\t\t<div class=\"elementor-widget-container\">\n\t\t\t\t\t<h2 class=\"elementor-heading-title elementor-size-default\">Preparaci\u00f3n de la pr\u00f3xima declaraci\u00f3n de accesibilidad<\/h2>\t\t\t\t<\/div>\n\t\t\t\t<\/div>\n\t\t\t\t<div class=\"elementor-element elementor-element-d91c497 enlaces elementor-widget elementor-widget-text-editor\" data-id=\"d91c497\" data-element_type=\"widget\" data-e-type=\"widget\" data-widget_type=\"text-editor.default\">\n\t\t\t\t<div class=\"elementor-widget-container\">\n\t\t\t\t\t\t\t\t\t<p>Esta declaraci\u00f3n se prepar\u00f3 el 28 de junio de 2021.<\/p><p>El m\u00e9todo utilizado para elaborar la declaraci\u00f3n ha sido una autoevaluaci\u00f3n realizada por la propia agencia.<\/p><p>Comentarios y datos de contacto<\/p><p>Puedes realizar comunicaciones (a trav\u00e9s de los datos de contacto facilitados en el sitio web) sobre requisitos de accesibilidad (art\u00edculo 10.2.a del RD 1112\/2018) como, por ejemplo:<\/p><p>Informar de cualquier posible incumplimiento por parte de este sitio web<br>Transmitir otras dificultades de acceso a los contenidos<br>Formular cualquier otra consulta o sugerencia de mejora relativa a la accesibilidad del sitio web.<\/p><p>Puedes presentarte:<\/p><p>Reclamaci\u00f3n relativa al cumplimiento de los requisitos del RD 1112\/2018 o<br>Solicitud de Informaci\u00f3n Accesible relativa a:<br>Contenidos excluidos del \u00e1mbito de aplicaci\u00f3n del RD 1112\/2018 seg\u00fan lo establecido en el art\u00edculo 3, apartado 4<br>Contenidos exentos del cumplimiento de los requisitos de accesibilidad por imponer una carga desproporcionada.<\/p><p>En la Solicitud de informaci\u00f3n accesible, deben especificarse claramente los hechos, los motivos y la solicitud para establecer que se trata de una solicitud razonable y leg\u00edtima.<\/p><p>Las quejas y reclamaciones sobre informaci\u00f3n accesible se formular\u00e1n a trav\u00e9s de la sede electr\u00f3nica (quejas y sugerencias gob.es), y ser\u00e1n recibidas y tramitadas por el \u00e1rea de Sistemas de Informaci\u00f3n de Red.es.<\/p>\t\t\t\t\t\t\t\t<\/div>\n\t\t\t\t<\/div>\n\t\t\t\t<div class=\"elementor-element elementor-element-3ee5cb4 elementor-widget elementor-widget-heading\" data-id=\"3ee5cb4\" data-element_type=\"widget\" data-e-type=\"widget\" data-widget_type=\"heading.default\">\n\t\t\t\t<div class=\"elementor-widget-container\">\n\t\t\t\t\t<h2 class=\"elementor-heading-title elementor-size-default\">Contenido opcional<\/h2>\t\t\t\t<\/div>\n\t\t\t\t<\/div>\n\t\t\t\t<div class=\"elementor-element elementor-element-7df1033 enlaces elementor-widget elementor-widget-text-editor\" data-id=\"7df1033\" data-element_type=\"widget\" data-e-type=\"widget\" data-widget_type=\"text-editor.default\">\n\t\t\t\t<div class=\"elementor-widget-container\">\n\t\t\t\t\t\t\t\t\t<p>Este portal est\u00e1 dise\u00f1ado para poder cambiar el tama\u00f1o y el color del texto, as\u00ed como el fondo de la p\u00e1gina, utilizando las opciones de configuraci\u00f3n est\u00e1ndar de los navegadores.<\/p><p>Si deseas cambiar el tama\u00f1o de la fuente del texto en los principales navegadores gr\u00e1ficos, utiliza los siguientes men\u00fas:<\/p><p>Internet Explorer, Mozilla y Firefox: Ver &#8211; Tama\u00f1o del texto<\/p><p>\u00d3pera: Ver &#8211; Zoom<\/p><p>Safari: Ver &#8211; Ampliar texto<\/p><p>Cromo: Controlar la p\u00e1gina actual &#8211; Tama\u00f1o del texto<\/p><p>Para cambiar el tama\u00f1o de todo lo que hay en la p\u00e1gina:<\/p><ul><li>Ctrl + + para aumentarla<\/li><li>Ctrl + &#8211; para disminuirla<\/li><li>Ctrl + 0 restaura el tama\u00f1o original del texto<br><br><\/li><\/ul><p>Si quieres anular la hoja de estilos o cambiar el color del texto, puedes consultar la p\u00e1gina de la WAI C\u00f3mo cambiar el tama\u00f1o del texto o los colores, que puedes leer en ingl\u00e9s en \u00bfC\u00f3mo cambiar el tama\u00f1o del texto o los colores?<\/p>\t\t\t\t\t\t\t\t<\/div>\n\t\t\t\t<\/div>\n\t\t\t\t<\/div>\n\t\t\t\t\t<\/div>\n\t\t\t\t<\/div>\n\t\t\t\t<\/div>\n\t\t","protected":false},"excerpt":{"rendered":"<p>ACCESIBILIDAD MATIAS RUBIO se compromete a hacer accesible su sitio web de conformidad con el Real Decreto 1112\/2018, de 7 de septiembre, sobre accesibilidad de los sitios web y aplicaciones para dispositivos m\u00f3viles del sector p\u00fablico. Esta declaraci\u00f3n de accesibilidad se aplica al sitio web merusports.com. Estado de cumplimiento Este sitio web cumple parcialmente el [&hellip;]<\/p>\n","protected":false},"author":1,"featured_media":0,"parent":0,"menu_order":0,"comment_status":"closed","ping_status":"closed","template":"","meta":{"footnotes":""},"class_list":["post-747","page","type-page","status-publish","hentry"],"yoast_head":"<!-- This site is optimized with the Yoast SEO plugin v27.0 - https:\/\/yoast.com\/product\/yoast-seo-wordpress\/ -->\n<title>Accesibilidad - Meru Sports<\/title>\n<meta name=\"robots\" content=\"index, follow, max-snippet:-1, max-image-preview:large, max-video-preview:-1\" \/>\n<link rel=\"canonical\" href=\"https:\/\/merusports.com\/es\/accesibilidad\/\" \/>\n<meta property=\"og:locale\" content=\"es_ES\" \/>\n<meta property=\"og:type\" content=\"article\" \/>\n<meta property=\"og:title\" content=\"Accesibilidad - Meru Sports\" \/>\n<meta property=\"og:description\" content=\"ACCESIBILIDAD MATIAS RUBIO se compromete a hacer accesible su sitio web de conformidad con el Real Decreto 1112\/2018, de 7 de septiembre, sobre accesibilidad de los sitios web y aplicaciones para dispositivos m\u00f3viles del sector p\u00fablico. Esta declaraci\u00f3n de accesibilidad se aplica al sitio web merusports.com. Estado de cumplimiento Este sitio web cumple parcialmente el [&hellip;]\" \/>\n<meta property=\"og:url\" content=\"https:\/\/merusports.com\/es\/accesibilidad\/\" \/>\n<meta property=\"og:site_name\" content=\"Meru Sports\" \/>\n<meta property=\"article:modified_time\" content=\"2025-07-10T09:51:22+00:00\" \/>\n<meta name=\"twitter:card\" content=\"summary_large_image\" \/>\n<meta name=\"twitter:label1\" content=\"Tiempo de lectura\" \/>\n\t<meta name=\"twitter:data1\" content=\"3 minutos\" \/>\n<script type=\"application\/ld+json\" class=\"yoast-schema-graph\">{\"@context\":\"https:\/\/schema.org\",\"@graph\":[{\"@type\":\"WebPage\",\"@id\":\"https:\/\/merusports.com\/es\/accesibilidad\/\",\"url\":\"https:\/\/merusports.com\/es\/accesibilidad\/\",\"name\":\"Accesibilidad - Meru Sports\",\"isPartOf\":{\"@id\":\"https:\/\/merusports.com\/es\/#website\"},\"datePublished\":\"2025-04-16T10:26:09+00:00\",\"dateModified\":\"2025-07-10T09:51:22+00:00\",\"breadcrumb\":{\"@id\":\"https:\/\/merusports.com\/es\/accesibilidad\/#breadcrumb\"},\"inLanguage\":\"es\",\"potentialAction\":[{\"@type\":\"ReadAction\",\"target\":[\"https:\/\/merusports.com\/es\/accesibilidad\/\"]}]},{\"@type\":\"BreadcrumbList\",\"@id\":\"https:\/\/merusports.com\/es\/accesibilidad\/#breadcrumb\",\"itemListElement\":[{\"@type\":\"ListItem\",\"position\":1,\"name\":\"Portada\",\"item\":\"https:\/\/merusports.com\/es\/inicio\/\"},{\"@type\":\"ListItem\",\"position\":2,\"name\":\"Accesibilidad\"}]},{\"@type\":\"WebSite\",\"@id\":\"https:\/\/merusports.com\/es\/#website\",\"url\":\"https:\/\/merusports.com\/es\/\",\"name\":\"Meru Sports\",\"description\":\"\",\"publisher\":{\"@id\":\"https:\/\/merusports.com\/es\/#organization\"},\"potentialAction\":[{\"@type\":\"SearchAction\",\"target\":{\"@type\":\"EntryPoint\",\"urlTemplate\":\"https:\/\/merusports.com\/es\/?s={search_term_string}\"},\"query-input\":{\"@type\":\"PropertyValueSpecification\",\"valueRequired\":true,\"valueName\":\"search_term_string\"}}],\"inLanguage\":\"es\"},{\"@type\":\"Organization\",\"@id\":\"https:\/\/merusports.com\/es\/#organization\",\"name\":\"Meru Sports\",\"url\":\"https:\/\/merusports.com\/es\/\",\"logo\":{\"@type\":\"ImageObject\",\"inLanguage\":\"es\",\"@id\":\"https:\/\/merusports.com\/es\/#\/schema\/logo\/image\/\",\"url\":\"https:\/\/merusports.com\/wp-content\/uploads\/2025\/03\/Matias-Rubio-Logo-Dorado.png\",\"contentUrl\":\"https:\/\/merusports.com\/wp-content\/uploads\/2025\/03\/Matias-Rubio-Logo-Dorado.png\",\"width\":1028,\"height\":341,\"caption\":\"Meru Sports\"},\"image\":{\"@id\":\"https:\/\/merusports.com\/es\/#\/schema\/logo\/image\/\"}}]}<\/script>\n<!-- \/ Yoast SEO plugin. -->","yoast_head_json":{"title":"Accesibilidad - Meru Sports","robots":{"index":"index","follow":"follow","max-snippet":"max-snippet:-1","max-image-preview":"max-image-preview:large","max-video-preview":"max-video-preview:-1"},"canonical":"https:\/\/merusports.com\/es\/accesibilidad\/","og_locale":"es_ES","og_type":"article","og_title":"Accesibilidad - Meru Sports","og_description":"ACCESIBILIDAD MATIAS RUBIO se compromete a hacer accesible su sitio web de conformidad con el Real Decreto 1112\/2018, de 7 de septiembre, sobre accesibilidad de los sitios web y aplicaciones para dispositivos m\u00f3viles del sector p\u00fablico. Esta declaraci\u00f3n de accesibilidad se aplica al sitio web merusports.com. Estado de cumplimiento Este sitio web cumple parcialmente el [&hellip;]","og_url":"https:\/\/merusports.com\/es\/accesibilidad\/","og_site_name":"Meru Sports","article_modified_time":"2025-07-10T09:51:22+00:00","twitter_card":"summary_large_image","twitter_misc":{"Tiempo de lectura":"3 minutos"},"schema":{"@context":"https:\/\/schema.org","@graph":[{"@type":"WebPage","@id":"https:\/\/merusports.com\/es\/accesibilidad\/","url":"https:\/\/merusports.com\/es\/accesibilidad\/","name":"Accesibilidad - Meru Sports","isPartOf":{"@id":"https:\/\/merusports.com\/es\/#website"},"datePublished":"2025-04-16T10:26:09+00:00","dateModified":"2025-07-10T09:51:22+00:00","breadcrumb":{"@id":"https:\/\/merusports.com\/es\/accesibilidad\/#breadcrumb"},"inLanguage":"es","potentialAction":[{"@type":"ReadAction","target":["https:\/\/merusports.com\/es\/accesibilidad\/"]}]},{"@type":"BreadcrumbList","@id":"https:\/\/merusports.com\/es\/accesibilidad\/#breadcrumb","itemListElement":[{"@type":"ListItem","position":1,"name":"Portada","item":"https:\/\/merusports.com\/es\/inicio\/"},{"@type":"ListItem","position":2,"name":"Accesibilidad"}]},{"@type":"WebSite","@id":"https:\/\/merusports.com\/es\/#website","url":"https:\/\/merusports.com\/es\/","name":"Meru Sports","description":"","publisher":{"@id":"https:\/\/merusports.com\/es\/#organization"},"potentialAction":[{"@type":"SearchAction","target":{"@type":"EntryPoint","urlTemplate":"https:\/\/merusports.com\/es\/?s={search_term_string}"},"query-input":{"@type":"PropertyValueSpecification","valueRequired":true,"valueName":"search_term_string"}}],"inLanguage":"es"},{"@type":"Organization","@id":"https:\/\/merusports.com\/es\/#organization","name":"Meru Sports","url":"https:\/\/merusports.com\/es\/","logo":{"@type":"ImageObject","inLanguage":"es","@id":"https:\/\/merusports.com\/es\/#\/schema\/logo\/image\/","url":"https:\/\/merusports.com\/wp-content\/uploads\/2025\/03\/Matias-Rubio-Logo-Dorado.png","contentUrl":"https:\/\/merusports.com\/wp-content\/uploads\/2025\/03\/Matias-Rubio-Logo-Dorado.png","width":1028,"height":341,"caption":"Meru Sports"},"image":{"@id":"https:\/\/merusports.com\/es\/#\/schema\/logo\/image\/"}}]}},"_links":{"self":[{"href":"https:\/\/merusports.com\/es\/wp-json\/wp\/v2\/pages\/747","targetHints":{"allow":["GET"]}}],"collection":[{"href":"https:\/\/merusports.com\/es\/wp-json\/wp\/v2\/pages"}],"about":[{"href":"https:\/\/merusports.com\/es\/wp-json\/wp\/v2\/types\/page"}],"author":[{"embeddable":true,"href":"https:\/\/merusports.com\/es\/wp-json\/wp\/v2\/users\/1"}],"replies":[{"embeddable":true,"href":"https:\/\/merusports.com\/es\/wp-json\/wp\/v2\/comments?post=747"}],"version-history":[{"count":1,"href":"https:\/\/merusports.com\/es\/wp-json\/wp\/v2\/pages\/747\/revisions"}],"predecessor-version":[{"id":748,"href":"https:\/\/merusports.com\/es\/wp-json\/wp\/v2\/pages\/747\/revisions\/748"}],"wp:attachment":[{"href":"https:\/\/merusports.com\/es\/wp-json\/wp\/v2\/media?parent=747"}],"curies":[{"name":"wp","href":"https:\/\/api.w.org\/{rel}","templated":true}]}}